{"id":139,"date":"2021-04-13T11:41:59","date_gmt":"2021-04-13T11:41:59","guid":{"rendered":"https:\/\/maarjamitt.com\/?post_type=product&#038;p=139"},"modified":"2021-04-20T14:46:07","modified_gmt":"2021-04-20T14:46:07","slug":"mastering-strategic-storylining","status":"publish","type":"product","link":"https:\/\/maarjamitt.com\/en\/product\/mastering-strategic-storylining\/","title":{"rendered":"Mastering Strategic Storylining"},"content":{"rendered":"<div class=\"elementor-element elementor-element-ed5a407 elementor-widget elementor-widget-text-editor\" data-id=\"ed5a407\" data-element_type=\"widget\" data-widget_type=\"text-editor.default\">\n<div class=\"elementor-widget-container\">\n<div class=\"elementor-text-editor elementor-clearfix\">\n<p>The Strategic Storylining Framework, which is introduced in this handbook, is an easy and practical tool that helps you avoid falling into these traps.<\/p>\n<p>The Strategic Storylining Framework combines decades of global executive experience with ancient storytelling secrets and wisdom from some of the more common consultancy models. It is broadly applicable \u2013 in office and in life. It helps you improve your information structuring skills, enhance the quality of your decisions and ensure that your decisions are clearly communicated. Hundreds of managers at companies ranging from Fortune 500 to small businesses across the world are already using the Framework.<\/p>\n<p>This book is an invaluable companion to managers and politicians who need to make and communicate countless decisions every day!<\/p>\n<\/div>\n<\/div>\n<\/div>\n<div class=\"elementor-element elementor-element-da4e04c elementor-align-center elementor-widget elementor-widget-button\" data-id=\"da4e04c\" data-element_type=\"widget\" data-widget_type=\"button.default\">\n<div class=\"elementor-widget-container\">\n<div class=\"elementor-button-wrapper\"><\/div>\n<\/div>\n<\/div>\n","protected":false},"excerpt":{"rendered":"<p>The Strategic Storylining Framework, which is introduced in this handbook, is an easy and practical tool that helps you avoid [&hellip;]<\/p>\n","protected":false},"featured_media":0,"template":"","meta":{"site-sidebar-layout":"default","site-content-layout":"","ast-site-content-layout":"default","site-content-style":"default","site-sidebar-style":"default","ast-global-header-display":"","ast-banner-title-visibility":"","ast-main-header-display":"","ast-hfb-above-header-display":"","ast-hfb-below-header-display":"","ast-hfb-mobile-header-display":"","site-post-title":"","ast-breadcrumbs-content":"","ast-featured-img":"","footer-sml-layout":"","ast-disable-related-posts":"","theme-transparent-header-meta":"","adv-header-id-meta":"","stick-header-meta":"","header-above-stick-meta":"","header-main-stick-meta":"","header-below-stick-meta":"","astra-migrate-meta-layouts":"default","ast-page-background-enabled":"default","ast-page-background-meta":{"desktop":{"background-color":"var(--ast-global-color-5)","background-image":"","background-repeat":"repeat","background-position":"center center","background-size":"auto","background-attachment":"scroll","background-type":"","background-media":"","overlay-type":"","overlay-color":"","overlay-opacity":"","overlay-gradient":""},"tablet":{"background-color":"","background-image":"","background-repeat":"repeat","background-position":"center center","background-size":"auto","background-attachment":"scroll","background-type":"","background-media":"","overlay-type":"","overlay-color":"","overlay-opacity":"","overlay-gradient":""},"mobile":{"background-color":"","background-image":"","background-repeat":"repeat","background-position":"center center","background-size":"auto","background-attachment":"scroll","background-type":"","background-media":"","overlay-type":"","overlay-color":"","overlay-opacity":"","overlay-gradient":""}},"ast-content-background-meta":{"desktop":{"background-color":"var(--ast-global-color-4)","background-image":"","background-repeat":"repeat","background-position":"center center","background-size":"auto","background-attachment":"scroll","background-type":"","background-media":"","overlay-type":"","overlay-color":"","overlay-opacity":"","overlay-gradient":""},"tablet":{"background-color":"var(--ast-global-color-4)","background-image":"","background-repeat":"repeat","background-position":"center center","background-size":"auto","background-attachment":"scroll","background-type":"","background-media":"","overlay-type":"","overlay-color":"","overlay-opacity":"","overlay-gradient":""},"mobile":{"background-color":"var(--ast-global-color-4)","background-image":"","background-repeat":"repeat","background-position":"center center","background-size":"auto","background-attachment":"scroll","background-type":"","background-media":"","overlay-type":"","overlay-color":"","overlay-opacity":"","overlay-gradient":""}}},"product_brand":[],"product_cat":[16],"product_tag":[],"class_list":{"0":"post-139","1":"product","2":"type-product","3":"status-publish","5":"product_cat-masering-strategic-storylining","6":"desktop-align-left","7":"tablet-align-left","8":"mobile-align-left","10":"first","11":"instock","12":"sale","13":"taxable","14":"shipping-taxable","15":"purchasable","16":"product-type-simple"},"yoast_head":"<!-- This site is optimized with the Yoast SEO plugin v27.3 - https:\/\/yoast.com\/product\/yoast-seo-wordpress\/ -->\n<title>Mastering Strategic Storylining - Maarja Mitt-Pichen<\/title>\n<meta name=\"robots\" content=\"index, follow, max-snippet:-1, max-image-preview:large, max-video-preview:-1\" \/>\n<link rel=\"canonical\" href=\"https:\/\/maarjamitt.com\/en\/product\/mastering-strategic-storylining\/\" \/>\n<meta property=\"og:locale\" content=\"en_US\" \/>\n<meta property=\"og:type\" content=\"article\" \/>\n<meta property=\"og:title\" content=\"Mastering Strategic Storylining - Maarja Mitt-Pichen\" \/>\n<meta property=\"og:description\" content=\"The Strategic Storylining Framework, which is introduced in this handbook, is an easy and practical tool that helps you avoid [&hellip;]\" \/>\n<meta property=\"og:url\" content=\"https:\/\/maarjamitt.com\/en\/product\/mastering-strategic-storylining\/\" \/>\n<meta property=\"og:site_name\" content=\"Maarja Mitt-Pichen\" \/>\n<meta property=\"article:modified_time\" content=\"2021-04-20T14:46:07+00:00\" \/>\n<meta name=\"twitter:card\" content=\"summary_large_image\" \/>\n<meta name=\"twitter:label1\" content=\"Est. reading time\" \/>\n\t<meta name=\"twitter:data1\" content=\"1 minute\" \/>\n<script type=\"application\/ld+json\" class=\"yoast-schema-graph\">{\"@context\":\"https:\\\/\\\/schema.org\",\"@graph\":[{\"@type\":\"WebPage\",\"@id\":\"https:\\\/\\\/maarjamitt.com\\\/en\\\/product\\\/mastering-strategic-storylining\\\/\",\"url\":\"https:\\\/\\\/maarjamitt.com\\\/en\\\/product\\\/mastering-strategic-storylining\\\/\",\"name\":\"Mastering Strategic Storylining - Maarja Mitt-Pichen\",\"isPartOf\":{\"@id\":\"https:\\\/\\\/maarjamitt.com\\\/en\\\/#website\"},\"datePublished\":\"2021-04-13T11:41:59+00:00\",\"dateModified\":\"2021-04-20T14:46:07+00:00\",\"breadcrumb\":{\"@id\":\"https:\\\/\\\/maarjamitt.com\\\/en\\\/product\\\/mastering-strategic-storylining\\\/#breadcrumb\"},\"inLanguage\":\"en-US\",\"potentialAction\":[{\"@type\":\"ReadAction\",\"target\":[\"https:\\\/\\\/maarjamitt.com\\\/en\\\/product\\\/mastering-strategic-storylining\\\/\"]}]},{\"@type\":\"BreadcrumbList\",\"@id\":\"https:\\\/\\\/maarjamitt.com\\\/en\\\/product\\\/mastering-strategic-storylining\\\/#breadcrumb\",\"itemListElement\":[{\"@type\":\"ListItem\",\"position\":1,\"name\":\"Home\",\"item\":\"https:\\\/\\\/maarjamitt.com\\\/en\\\/\"},{\"@type\":\"ListItem\",\"position\":2,\"name\":\"Products\",\"item\":\"https:\\\/\\\/maarjamitt.com\\\/en\\\/shop\\\/\"},{\"@type\":\"ListItem\",\"position\":3,\"name\":\"Mastering Strategic Storylining\"}]},{\"@type\":\"WebSite\",\"@id\":\"https:\\\/\\\/maarjamitt.com\\\/en\\\/#website\",\"url\":\"https:\\\/\\\/maarjamitt.com\\\/en\\\/\",\"name\":\"Maarja Mitt-Pichen\",\"description\":\"Enesev\u00e4ljenduse \u00f5petaja, h\u00e4\u00e4le- ja k\u00f5netreener\",\"publisher\":{\"@id\":\"https:\\\/\\\/maarjamitt.com\\\/en\\\/#organization\"},\"potentialAction\":[{\"@type\":\"SearchAction\",\"target\":{\"@type\":\"EntryPoint\",\"urlTemplate\":\"https:\\\/\\\/maarjamitt.com\\\/en\\\/?s={search_term_string}\"},\"query-input\":{\"@type\":\"PropertyValueSpecification\",\"valueRequired\":true,\"valueName\":\"search_term_string\"}}],\"inLanguage\":\"en-US\"},{\"@type\":\"Organization\",\"@id\":\"https:\\\/\\\/maarjamitt.com\\\/en\\\/#organization\",\"name\":\"Maarja Mitt-Pichen\",\"url\":\"https:\\\/\\\/maarjamitt.com\\\/en\\\/\",\"logo\":{\"@type\":\"ImageObject\",\"inLanguage\":\"en-US\",\"@id\":\"https:\\\/\\\/maarjamitt.com\\\/en\\\/#\\\/schema\\\/logo\\\/image\\\/\",\"url\":\"https:\\\/\\\/maarjamitt.com\\\/wp-content\\\/uploads\\\/2021\\\/04\\\/M-Mitt-Pichen_logo_2023-04.png\",\"contentUrl\":\"https:\\\/\\\/maarjamitt.com\\\/wp-content\\\/uploads\\\/2021\\\/04\\\/M-Mitt-Pichen_logo_2023-04.png\",\"width\":2452,\"height\":1191,\"caption\":\"Maarja Mitt-Pichen\"},\"image\":{\"@id\":\"https:\\\/\\\/maarjamitt.com\\\/en\\\/#\\\/schema\\\/logo\\\/image\\\/\"}}]}<\/script>\n<!-- \/ Yoast SEO plugin. -->","yoast_head_json":{"title":"Mastering Strategic Storylining - Maarja Mitt-Pichen","robots":{"index":"index","follow":"follow","max-snippet":"max-snippet:-1","max-image-preview":"max-image-preview:large","max-video-preview":"max-video-preview:-1"},"canonical":"https:\/\/maarjamitt.com\/en\/product\/mastering-strategic-storylining\/","og_locale":"en_US","og_type":"article","og_title":"Mastering Strategic Storylining - Maarja Mitt-Pichen","og_description":"The Strategic Storylining Framework, which is introduced in this handbook, is an easy and practical tool that helps you avoid [&hellip;]","og_url":"https:\/\/maarjamitt.com\/en\/product\/mastering-strategic-storylining\/","og_site_name":"Maarja Mitt-Pichen","article_modified_time":"2021-04-20T14:46:07+00:00","twitter_card":"summary_large_image","twitter_misc":{"Est. reading time":"1 minute"},"schema":{"@context":"https:\/\/schema.org","@graph":[{"@type":"WebPage","@id":"https:\/\/maarjamitt.com\/en\/product\/mastering-strategic-storylining\/","url":"https:\/\/maarjamitt.com\/en\/product\/mastering-strategic-storylining\/","name":"Mastering Strategic Storylining - Maarja Mitt-Pichen","isPartOf":{"@id":"https:\/\/maarjamitt.com\/en\/#website"},"datePublished":"2021-04-13T11:41:59+00:00","dateModified":"2021-04-20T14:46:07+00:00","breadcrumb":{"@id":"https:\/\/maarjamitt.com\/en\/product\/mastering-strategic-storylining\/#breadcrumb"},"inLanguage":"en-US","potentialAction":[{"@type":"ReadAction","target":["https:\/\/maarjamitt.com\/en\/product\/mastering-strategic-storylining\/"]}]},{"@type":"BreadcrumbList","@id":"https:\/\/maarjamitt.com\/en\/product\/mastering-strategic-storylining\/#breadcrumb","itemListElement":[{"@type":"ListItem","position":1,"name":"Home","item":"https:\/\/maarjamitt.com\/en\/"},{"@type":"ListItem","position":2,"name":"Products","item":"https:\/\/maarjamitt.com\/en\/shop\/"},{"@type":"ListItem","position":3,"name":"Mastering Strategic Storylining"}]},{"@type":"WebSite","@id":"https:\/\/maarjamitt.com\/en\/#website","url":"https:\/\/maarjamitt.com\/en\/","name":"Maarja Mitt-Pichen","description":"Enesev\u00e4ljenduse \u00f5petaja, h\u00e4\u00e4le- ja k\u00f5netreener","publisher":{"@id":"https:\/\/maarjamitt.com\/en\/#organization"},"potentialAction":[{"@type":"SearchAction","target":{"@type":"EntryPoint","urlTemplate":"https:\/\/maarjamitt.com\/en\/?s={search_term_string}"},"query-input":{"@type":"PropertyValueSpecification","valueRequired":true,"valueName":"search_term_string"}}],"inLanguage":"en-US"},{"@type":"Organization","@id":"https:\/\/maarjamitt.com\/en\/#organization","name":"Maarja Mitt-Pichen","url":"https:\/\/maarjamitt.com\/en\/","logo":{"@type":"ImageObject","inLanguage":"en-US","@id":"https:\/\/maarjamitt.com\/en\/#\/schema\/logo\/image\/","url":"https:\/\/maarjamitt.com\/wp-content\/uploads\/2021\/04\/M-Mitt-Pichen_logo_2023-04.png","contentUrl":"https:\/\/maarjamitt.com\/wp-content\/uploads\/2021\/04\/M-Mitt-Pichen_logo_2023-04.png","width":2452,"height":1191,"caption":"Maarja Mitt-Pichen"},"image":{"@id":"https:\/\/maarjamitt.com\/en\/#\/schema\/logo\/image\/"}}]}},"_links":{"self":[{"href":"https:\/\/maarjamitt.com\/en\/wp-json\/wp\/v2\/product\/139","targetHints":{"allow":["GET"]}}],"collection":[{"href":"https:\/\/maarjamitt.com\/en\/wp-json\/wp\/v2\/product"}],"about":[{"href":"https:\/\/maarjamitt.com\/en\/wp-json\/wp\/v2\/types\/product"}],"version-history":[{"count":0,"href":"https:\/\/maarjamitt.com\/en\/wp-json\/wp\/v2\/product\/139\/revisions"}],"wp:attachment":[{"href":"https:\/\/maarjamitt.com\/en\/wp-json\/wp\/v2\/media?parent=139"}],"wp:term":[{"taxonomy":"product_brand","embeddable":true,"href":"https:\/\/maarjamitt.com\/en\/wp-json\/wp\/v2\/product_brand?post=139"},{"taxonomy":"product_cat","embeddable":true,"href":"https:\/\/maarjamitt.com\/en\/wp-json\/wp\/v2\/product_cat?post=139"},{"taxonomy":"product_tag","embeddable":true,"href":"https:\/\/maarjamitt.com\/en\/wp-json\/wp\/v2\/product_tag?post=139"}],"curies":[{"name":"wp","href":"https:\/\/api.w.org\/{rel}","templated":true}]}}