{"id":4633,"date":"2023-02-27T08:05:09","date_gmt":"2023-02-27T08:05:09","guid":{"rendered":"https:\/\/maarjamitt.com\/galerii\/"},"modified":"2026-01-27T21:48:12","modified_gmt":"2026-01-27T21:48:12","slug":"galerii","status":"publish","type":"page","link":"https:\/\/maarjamitt.com\/en\/galerii\/","title":{"rendered":"Galerii"},"content":{"rendered":"\t\t<div data-elementor-type=\"wp-page\" data-elementor-id=\"4633\" class=\"elementor elementor-4633 elementor-3973\" data-elementor-post-type=\"page\">\n\t\t\t\t\t\t<section class=\"elementor-section elementor-top-section elementor-element elementor-element-66524ea7 elementor-section-height-min-height elementor-section-items-stretch elementor-section-boxed elementor-section-height-default\" data-id=\"66524ea7\" data-element_type=\"section\" data-e-type=\"section\" id=\"otselavale\">\n\t\t\t\t\t\t\t<div class=\"elementor-background-overlay\"><\/div>\n\t\t\t\t\t\t\t<div class=\"elementor-container elementor-column-gap-no\">\n\t\t\t\t\t<div class=\"elementor-column elementor-col-100 elementor-top-column elementor-element elementor-element-623d0966\" data-id=\"623d0966\" data-element_type=\"column\" data-e-type=\"column\">\n\t\t\t<div class=\"elementor-widget-wrap elementor-element-populated\">\n\t\t\t\t\t\t<div class=\"elementor-element elementor-element-770e166 elementor-widget elementor-widget-gallery\" data-id=\"770e166\" data-element_type=\"widget\" data-e-type=\"widget\" data-settings=\"{&quot;gallery_layout&quot;:&quot;masonry&quot;,&quot;columns&quot;:2,&quot;lazyload&quot;:&quot;yes&quot;,&quot;columns_tablet&quot;:2,&quot;columns_mobile&quot;:1,&quot;gap&quot;:{&quot;unit&quot;:&quot;px&quot;,&quot;size&quot;:10,&quot;sizes&quot;:[]},&quot;gap_tablet&quot;:{&quot;unit&quot;:&quot;px&quot;,&quot;size&quot;:10,&quot;sizes&quot;:[]},&quot;gap_mobile&quot;:{&quot;unit&quot;:&quot;px&quot;,&quot;size&quot;:10,&quot;sizes&quot;:[]},&quot;link_to&quot;:&quot;file&quot;,&quot;overlay_background&quot;:&quot;yes&quot;,&quot;content_hover_animation&quot;:&quot;fade-in&quot;}\" data-widget_type=\"gallery.default\">\n\t\t\t\t<div class=\"elementor-widget-container\">\n\t\t\t\t\t\t\t<div class=\"elementor-gallery__container\">\n\t\t\t\t\t\t\t<a class=\"e-gallery-item elementor-gallery-item elementor-animated-content\" href=\"https:\/\/maarjamitt.com\/wp-content\/uploads\/2023\/02\/917A8766085042-min-scaled.jpg\" data-elementor-open-lightbox=\"yes\" data-elementor-lightbox-slideshow=\"770e166\" data-elementor-lightbox-title=\"917A8766085042-min\" data-e-action-hash=\"#elementor-action%3Aaction%3Dlightbox%26settings%3DeyJpZCI6MzU1NywidXJsIjoiaHR0cHM6XC9cL21hYXJqYW1pdHQuY29tXC93cC1jb250ZW50XC91cGxvYWRzXC8yMDIzXC8wMlwvOTE3QTg3NjYwODUwNDItbWluLXNjYWxlZC5qcGciLCJzbGlkZXNob3ciOiI3NzBlMTY2In0%3D\">\n\t\t\t\t\t<div class=\"e-gallery-image elementor-gallery-item__image\" data-thumbnail=\"https:\/\/maarjamitt.com\/wp-content\/uploads\/2023\/02\/917A8766085042-min-scaled.jpg\" data-width=\"2560\" data-height=\"1707\" aria-label=\"\" role=\"img\" ><\/div>\n\t\t\t\t\t\t\t\t\t\t\t<div class=\"elementor-gallery-item__overlay\"><\/div>\n\t\t\t\t\t\t\t\t\t\t\t\t\t\t<\/a>\n\t\t\t\t\t\t\t<a class=\"e-gallery-item elementor-gallery-item elementor-animated-content\" href=\"https:\/\/maarjamitt.com\/wp-content\/uploads\/2023\/02\/917A8810086043-min-scaled.jpg\" data-elementor-open-lightbox=\"yes\" data-elementor-lightbox-slideshow=\"770e166\" data-elementor-lightbox-title=\"917A8810086043-min\" data-e-action-hash=\"#elementor-action%3Aaction%3Dlightbox%26settings%3DeyJpZCI6MzU1OCwidXJsIjoiaHR0cHM6XC9cL21hYXJqYW1pdHQuY29tXC93cC1jb250ZW50XC91cGxvYWRzXC8yMDIzXC8wMlwvOTE3QTg4MTAwODYwNDMtbWluLXNjYWxlZC5qcGciLCJzbGlkZXNob3ciOiI3NzBlMTY2In0%3D\">\n\t\t\t\t\t<div class=\"e-gallery-image elementor-gallery-item__image\" data-thumbnail=\"https:\/\/maarjamitt.com\/wp-content\/uploads\/2023\/02\/917A8810086043-min-scaled.jpg\" data-width=\"1707\" data-height=\"2560\" aria-label=\"\" role=\"img\" ><\/div>\n\t\t\t\t\t\t\t\t\t\t\t<div class=\"elementor-gallery-item__overlay\"><\/div>\n\t\t\t\t\t\t\t\t\t\t\t\t\t\t<\/a>\n\t\t\t\t\t\t\t<a class=\"e-gallery-item elementor-gallery-item elementor-animated-content\" href=\"https:\/\/maarjamitt.com\/wp-content\/uploads\/2023\/02\/917A8972089046-min-scaled.jpg\" data-elementor-open-lightbox=\"yes\" data-elementor-lightbox-slideshow=\"770e166\" data-elementor-lightbox-title=\"917A8972089046-min\" data-e-action-hash=\"#elementor-action%3Aaction%3Dlightbox%26settings%3DeyJpZCI6MzU1OSwidXJsIjoiaHR0cHM6XC9cL21hYXJqYW1pdHQuY29tXC93cC1jb250ZW50XC91cGxvYWRzXC8yMDIzXC8wMlwvOTE3QTg5NzIwODkwNDYtbWluLXNjYWxlZC5qcGciLCJzbGlkZXNob3ciOiI3NzBlMTY2In0%3D\">\n\t\t\t\t\t<div class=\"e-gallery-image elementor-gallery-item__image\" data-thumbnail=\"https:\/\/maarjamitt.com\/wp-content\/uploads\/2023\/02\/917A8972089046-min-scaled.jpg\" data-width=\"1707\" data-height=\"2560\" aria-label=\"\" role=\"img\" ><\/div>\n\t\t\t\t\t\t\t\t\t\t\t<div class=\"elementor-gallery-item__overlay\"><\/div>\n\t\t\t\t\t\t\t\t\t\t\t\t\t\t<\/a>\n\t\t\t\t\t\t\t<a class=\"e-gallery-item elementor-gallery-item elementor-animated-content\" href=\"https:\/\/maarjamitt.com\/wp-content\/uploads\/2023\/02\/917A7823049006-min-scaled.jpg\" data-elementor-open-lightbox=\"yes\" data-elementor-lightbox-slideshow=\"770e166\" data-elementor-lightbox-title=\"Enesev\u00e4ljendus ja avalik esinemine\" data-e-action-hash=\"#elementor-action%3Aaction%3Dlightbox%26settings%3DeyJpZCI6MzU1MSwidXJsIjoiaHR0cHM6XC9cL21hYXJqYW1pdHQuY29tXC93cC1jb250ZW50XC91cGxvYWRzXC8yMDIzXC8wMlwvOTE3QTc4MjMwNDkwMDYtbWluLXNjYWxlZC5qcGciLCJzbGlkZXNob3ciOiI3NzBlMTY2In0%3D\">\n\t\t\t\t\t<div class=\"e-gallery-image elementor-gallery-item__image\" data-thumbnail=\"https:\/\/maarjamitt.com\/wp-content\/uploads\/2023\/02\/917A7823049006-min-scaled.jpg\" data-width=\"2560\" data-height=\"2188\" aria-label=\"Enesev\u00e4ljendus ja avalik esinemine\" role=\"img\" ><\/div>\n\t\t\t\t\t\t\t\t\t\t\t<div class=\"elementor-gallery-item__overlay\"><\/div>\n\t\t\t\t\t\t\t\t\t\t\t\t\t\t<\/a>\n\t\t\t\t\t\t\t<a class=\"e-gallery-item elementor-gallery-item elementor-animated-content\" href=\"https:\/\/maarjamitt.com\/wp-content\/uploads\/2023\/02\/917A8169059016-min-scaled.jpg\" data-elementor-open-lightbox=\"yes\" data-elementor-lightbox-slideshow=\"770e166\" data-elementor-lightbox-title=\"Enesev\u00e4ljendus ja avalik esinemine\" data-e-action-hash=\"#elementor-action%3Aaction%3Dlightbox%26settings%3DeyJpZCI6MzU1MiwidXJsIjoiaHR0cHM6XC9cL21hYXJqYW1pdHQuY29tXC93cC1jb250ZW50XC91cGxvYWRzXC8yMDIzXC8wMlwvOTE3QTgxNjkwNTkwMTYtbWluLXNjYWxlZC5qcGciLCJzbGlkZXNob3ciOiI3NzBlMTY2In0%3D\">\n\t\t\t\t\t<div class=\"e-gallery-image elementor-gallery-item__image\" data-thumbnail=\"https:\/\/maarjamitt.com\/wp-content\/uploads\/2023\/02\/917A8169059016-min-scaled.jpg\" data-width=\"1707\" data-height=\"2560\" aria-label=\"Enesev\u00e4ljendus ja avalik esinemine\" role=\"img\" ><\/div>\n\t\t\t\t\t\t\t\t\t\t\t<div class=\"elementor-gallery-item__overlay\"><\/div>\n\t\t\t\t\t\t\t\t\t\t\t\t\t\t<\/a>\n\t\t\t\t\t\t\t<a class=\"e-gallery-item elementor-gallery-item elementor-animated-content\" href=\"https:\/\/maarjamitt.com\/wp-content\/uploads\/2023\/02\/917A8341065022-min-scaled.jpg\" data-elementor-open-lightbox=\"yes\" data-elementor-lightbox-slideshow=\"770e166\" data-elementor-lightbox-title=\"917A8341065022-min\" data-e-action-hash=\"#elementor-action%3Aaction%3Dlightbox%26settings%3DeyJpZCI6MzU1MywidXJsIjoiaHR0cHM6XC9cL21hYXJqYW1pdHQuY29tXC93cC1jb250ZW50XC91cGxvYWRzXC8yMDIzXC8wMlwvOTE3QTgzNDEwNjUwMjItbWluLXNjYWxlZC5qcGciLCJzbGlkZXNob3ciOiI3NzBlMTY2In0%3D\">\n\t\t\t\t\t<div class=\"e-gallery-image elementor-gallery-item__image\" data-thumbnail=\"https:\/\/maarjamitt.com\/wp-content\/uploads\/2023\/02\/917A8341065022-min-scaled.jpg\" data-width=\"2560\" data-height=\"1707\" aria-label=\"\" role=\"img\" ><\/div>\n\t\t\t\t\t\t\t\t\t\t\t<div class=\"elementor-gallery-item__overlay\"><\/div>\n\t\t\t\t\t\t\t\t\t\t\t\t\t\t<\/a>\n\t\t\t\t\t\t\t<a class=\"e-gallery-item elementor-gallery-item elementor-animated-content\" href=\"https:\/\/maarjamitt.com\/wp-content\/uploads\/2023\/02\/917A8459069026-scaled.jpg\" data-elementor-open-lightbox=\"yes\" data-elementor-lightbox-slideshow=\"770e166\" data-elementor-lightbox-title=\"917A8459069026\" data-e-action-hash=\"#elementor-action%3Aaction%3Dlightbox%26settings%3DeyJpZCI6Mzk0NSwidXJsIjoiaHR0cHM6XC9cL21hYXJqYW1pdHQuY29tXC93cC1jb250ZW50XC91cGxvYWRzXC8yMDIzXC8wMlwvOTE3QTg0NTkwNjkwMjYtc2NhbGVkLmpwZyIsInNsaWRlc2hvdyI6Ijc3MGUxNjYifQ%3D%3D\">\n\t\t\t\t\t<div class=\"e-gallery-image elementor-gallery-item__image\" data-thumbnail=\"https:\/\/maarjamitt.com\/wp-content\/uploads\/2023\/02\/917A8459069026-scaled.jpg\" data-width=\"1707\" data-height=\"2560\" aria-label=\"\" role=\"img\" ><\/div>\n\t\t\t\t\t\t\t\t\t\t\t<div class=\"elementor-gallery-item__overlay\"><\/div>\n\t\t\t\t\t\t\t\t\t\t\t\t\t\t<\/a>\n\t\t\t\t\t<\/div>\n\t\t\t\t\t<\/div>\n\t\t\t\t<\/div>\n\t\t\t\t\t<\/div>\n\t\t<\/div>\n\t\t\t\t\t<\/div>\n\t\t<\/section>\n\t\t\t\t<section class=\"elementor-section elementor-top-section elementor-element elementor-element-6dc1b4a elementor-section-boxed elementor-section-height-default elementor-section-height-default\" data-id=\"6dc1b4a\" data-element_type=\"section\" data-e-type=\"section\">\n\t\t\t\t\t\t<div class=\"elementor-container elementor-column-gap-default\">\n\t\t\t\t\t\t<\/div>\n\t\t<\/section>\n\t\t\t\t<\/div>\n\t\t","protected":false},"excerpt":{"rendered":"","protected":false},"author":1,"featured_media":0,"parent":0,"menu_order":0,"comment_status":"closed","ping_status":"closed","template":"elementor_canvas","meta":{"site-sidebar-layout":"default","site-content-layout":"","ast-site-content-layout":"default","site-content-style":"default","site-sidebar-style":"default","ast-global-header-display":"","ast-banner-title-visibility":"","ast-main-header-display":"","ast-hfb-above-header-display":"","ast-hfb-below-header-display":"","ast-hfb-mobile-header-display":"","site-post-title":"","ast-breadcrumbs-content":"","ast-featured-img":"","footer-sml-layout":"","ast-disable-related-posts":"","theme-transparent-header-meta":"","adv-header-id-meta":"","stick-header-meta":"","header-above-stick-meta":"","header-main-stick-meta":"","header-below-stick-meta":"","astra-migrate-meta-layouts":"default","ast-page-background-enabled":"default","ast-page-background-meta":{"desktop":{"background-color":"var(--ast-global-color-5)","background-image":"","background-repeat":"repeat","background-position":"center center","background-size":"auto","background-attachment":"scroll","background-type":"","background-media":"","overlay-type":"","overlay-color":"","overlay-opacity":"","overlay-gradient":""},"tablet":{"background-color":"","background-image":"","background-repeat":"repeat","background-position":"center center","background-size":"auto","background-attachment":"scroll","background-type":"","background-media":"","overlay-type":"","overlay-color":"","overlay-opacity":"","overlay-gradient":""},"mobile":{"background-color":"","background-image":"","background-repeat":"repeat","background-position":"center center","background-size":"auto","background-attachment":"scroll","background-type":"","background-media":"","overlay-type":"","overlay-color":"","overlay-opacity":"","overlay-gradient":""}},"ast-content-background-meta":{"desktop":{"background-color":"var(--ast-global-color-4)","background-image":"","background-repeat":"repeat","background-position":"center center","background-size":"auto","background-attachment":"scroll","background-type":"","background-media":"","overlay-type":"","overlay-color":"","overlay-opacity":"","overlay-gradient":""},"tablet":{"background-color":"var(--ast-global-color-4)","background-image":"","background-repeat":"repeat","background-position":"center center","background-size":"auto","background-attachment":"scroll","background-type":"","background-media":"","overlay-type":"","overlay-color":"","overlay-opacity":"","overlay-gradient":""},"mobile":{"background-color":"var(--ast-global-color-4)","background-image":"","background-repeat":"repeat","background-position":"center center","background-size":"auto","background-attachment":"scroll","background-type":"","background-media":"","overlay-type":"","overlay-color":"","overlay-opacity":"","overlay-gradient":""}},"footnotes":""},"class_list":["post-4633","page","type-page","status-publish","hentry"],"yoast_head":"<!-- This site is optimized with the Yoast SEO plugin v27.3 - https:\/\/yoast.com\/product\/yoast-seo-wordpress\/ -->\n<title>Maarja Mitt-Pichen - Galerii<\/title>\n<meta name=\"description\" content=\"Aitan Sul leida ja aktiveerida Sinu ainulaadse H\u00c4\u00c4LE. Olen n\u00e4itleja, enesev\u00e4ljenduse \u00f5petaja, h\u00e4\u00e4le ja k\u00f5ne treener, OMA h\u00e4\u00e4le aktiveerija\" \/>\n<meta name=\"robots\" content=\"index, follow, max-snippet:-1, max-image-preview:large, max-video-preview:-1\" \/>\n<link rel=\"canonical\" href=\"https:\/\/maarjamitt.com\/en\/galerii\/\" \/>\n<meta property=\"og:locale\" content=\"en_US\" \/>\n<meta property=\"og:type\" content=\"article\" \/>\n<meta property=\"og:title\" content=\"Maarja Mitt-Pichen - Galerii\" \/>\n<meta property=\"og:description\" content=\"Aitan Sul leida ja aktiveerida Sinu ainulaadse H\u00c4\u00c4LE. Olen n\u00e4itleja, enesev\u00e4ljenduse \u00f5petaja, h\u00e4\u00e4le ja k\u00f5ne treener, OMA h\u00e4\u00e4le aktiveerija\" \/>\n<meta property=\"og:url\" content=\"https:\/\/maarjamitt.com\/en\/galerii\/\" \/>\n<meta property=\"og:site_name\" content=\"Maarja Mitt-Pichen\" \/>\n<meta property=\"article:modified_time\" content=\"2026-01-27T21:48:12+00:00\" \/>\n<meta name=\"twitter:card\" content=\"summary_large_image\" \/>\n<meta name=\"twitter:label1\" content=\"Est. reading time\" \/>\n\t<meta name=\"twitter:data1\" content=\"1 minute\" \/>\n<script type=\"application\/ld+json\" class=\"yoast-schema-graph\">{\"@context\":\"https:\\\/\\\/schema.org\",\"@graph\":[{\"@type\":\"WebPage\",\"@id\":\"https:\\\/\\\/maarjamitt.com\\\/en\\\/galerii\\\/\",\"url\":\"https:\\\/\\\/maarjamitt.com\\\/en\\\/galerii\\\/\",\"name\":\"Maarja Mitt-Pichen - Galerii\",\"isPartOf\":{\"@id\":\"https:\\\/\\\/maarjamitt.com\\\/en\\\/#website\"},\"datePublished\":\"2023-02-27T08:05:09+00:00\",\"dateModified\":\"2026-01-27T21:48:12+00:00\",\"description\":\"Aitan Sul leida ja aktiveerida Sinu ainulaadse H\u00c4\u00c4LE. Olen n\u00e4itleja, enesev\u00e4ljenduse \u00f5petaja, h\u00e4\u00e4le ja k\u00f5ne treener, OMA h\u00e4\u00e4le aktiveerija\",\"breadcrumb\":{\"@id\":\"https:\\\/\\\/maarjamitt.com\\\/en\\\/galerii\\\/#breadcrumb\"},\"inLanguage\":\"en-US\",\"potentialAction\":[{\"@type\":\"ReadAction\",\"target\":[\"https:\\\/\\\/maarjamitt.com\\\/en\\\/galerii\\\/\"]}]},{\"@type\":\"BreadcrumbList\",\"@id\":\"https:\\\/\\\/maarjamitt.com\\\/en\\\/galerii\\\/#breadcrumb\",\"itemListElement\":[{\"@type\":\"ListItem\",\"position\":1,\"name\":\"Home\",\"item\":\"https:\\\/\\\/maarjamitt.com\\\/en\\\/\"},{\"@type\":\"ListItem\",\"position\":2,\"name\":\"Galerii\"}]},{\"@type\":\"WebSite\",\"@id\":\"https:\\\/\\\/maarjamitt.com\\\/en\\\/#website\",\"url\":\"https:\\\/\\\/maarjamitt.com\\\/en\\\/\",\"name\":\"Maarja Mitt-Pichen\",\"description\":\"Enesev\u00e4ljenduse \u00f5petaja, h\u00e4\u00e4le- ja k\u00f5netreener\",\"publisher\":{\"@id\":\"https:\\\/\\\/maarjamitt.com\\\/en\\\/#organization\"},\"potentialAction\":[{\"@type\":\"SearchAction\",\"target\":{\"@type\":\"EntryPoint\",\"urlTemplate\":\"https:\\\/\\\/maarjamitt.com\\\/en\\\/?s={search_term_string}\"},\"query-input\":{\"@type\":\"PropertyValueSpecification\",\"valueRequired\":true,\"valueName\":\"search_term_string\"}}],\"inLanguage\":\"en-US\"},{\"@type\":\"Organization\",\"@id\":\"https:\\\/\\\/maarjamitt.com\\\/en\\\/#organization\",\"name\":\"Maarja Mitt-Pichen\",\"url\":\"https:\\\/\\\/maarjamitt.com\\\/en\\\/\",\"logo\":{\"@type\":\"ImageObject\",\"inLanguage\":\"en-US\",\"@id\":\"https:\\\/\\\/maarjamitt.com\\\/en\\\/#\\\/schema\\\/logo\\\/image\\\/\",\"url\":\"https:\\\/\\\/maarjamitt.com\\\/wp-content\\\/uploads\\\/2021\\\/04\\\/M-Mitt-Pichen_logo_2023-04.png\",\"contentUrl\":\"https:\\\/\\\/maarjamitt.com\\\/wp-content\\\/uploads\\\/2021\\\/04\\\/M-Mitt-Pichen_logo_2023-04.png\",\"width\":2452,\"height\":1191,\"caption\":\"Maarja Mitt-Pichen\"},\"image\":{\"@id\":\"https:\\\/\\\/maarjamitt.com\\\/en\\\/#\\\/schema\\\/logo\\\/image\\\/\"}}]}<\/script>\n<!-- \/ Yoast SEO plugin. -->","yoast_head_json":{"title":"Maarja Mitt-Pichen - Galerii","description":"Aitan Sul leida ja aktiveerida Sinu ainulaadse H\u00c4\u00c4LE. Olen n\u00e4itleja, enesev\u00e4ljenduse \u00f5petaja, h\u00e4\u00e4le ja k\u00f5ne treener, OMA h\u00e4\u00e4le aktiveerija","robots":{"index":"index","follow":"follow","max-snippet":"max-snippet:-1","max-image-preview":"max-image-preview:large","max-video-preview":"max-video-preview:-1"},"canonical":"https:\/\/maarjamitt.com\/en\/galerii\/","og_locale":"en_US","og_type":"article","og_title":"Maarja Mitt-Pichen - Galerii","og_description":"Aitan Sul leida ja aktiveerida Sinu ainulaadse H\u00c4\u00c4LE. Olen n\u00e4itleja, enesev\u00e4ljenduse \u00f5petaja, h\u00e4\u00e4le ja k\u00f5ne treener, OMA h\u00e4\u00e4le aktiveerija","og_url":"https:\/\/maarjamitt.com\/en\/galerii\/","og_site_name":"Maarja Mitt-Pichen","article_modified_time":"2026-01-27T21:48:12+00:00","twitter_card":"summary_large_image","twitter_misc":{"Est. reading time":"1 minute"},"schema":{"@context":"https:\/\/schema.org","@graph":[{"@type":"WebPage","@id":"https:\/\/maarjamitt.com\/en\/galerii\/","url":"https:\/\/maarjamitt.com\/en\/galerii\/","name":"Maarja Mitt-Pichen - Galerii","isPartOf":{"@id":"https:\/\/maarjamitt.com\/en\/#website"},"datePublished":"2023-02-27T08:05:09+00:00","dateModified":"2026-01-27T21:48:12+00:00","description":"Aitan Sul leida ja aktiveerida Sinu ainulaadse H\u00c4\u00c4LE. Olen n\u00e4itleja, enesev\u00e4ljenduse \u00f5petaja, h\u00e4\u00e4le ja k\u00f5ne treener, OMA h\u00e4\u00e4le aktiveerija","breadcrumb":{"@id":"https:\/\/maarjamitt.com\/en\/galerii\/#breadcrumb"},"inLanguage":"en-US","potentialAction":[{"@type":"ReadAction","target":["https:\/\/maarjamitt.com\/en\/galerii\/"]}]},{"@type":"BreadcrumbList","@id":"https:\/\/maarjamitt.com\/en\/galerii\/#breadcrumb","itemListElement":[{"@type":"ListItem","position":1,"name":"Home","item":"https:\/\/maarjamitt.com\/en\/"},{"@type":"ListItem","position":2,"name":"Galerii"}]},{"@type":"WebSite","@id":"https:\/\/maarjamitt.com\/en\/#website","url":"https:\/\/maarjamitt.com\/en\/","name":"Maarja Mitt-Pichen","description":"Enesev\u00e4ljenduse \u00f5petaja, h\u00e4\u00e4le- ja k\u00f5netreener","publisher":{"@id":"https:\/\/maarjamitt.com\/en\/#organization"},"potentialAction":[{"@type":"SearchAction","target":{"@type":"EntryPoint","urlTemplate":"https:\/\/maarjamitt.com\/en\/?s={search_term_string}"},"query-input":{"@type":"PropertyValueSpecification","valueRequired":true,"valueName":"search_term_string"}}],"inLanguage":"en-US"},{"@type":"Organization","@id":"https:\/\/maarjamitt.com\/en\/#organization","name":"Maarja Mitt-Pichen","url":"https:\/\/maarjamitt.com\/en\/","logo":{"@type":"ImageObject","inLanguage":"en-US","@id":"https:\/\/maarjamitt.com\/en\/#\/schema\/logo\/image\/","url":"https:\/\/maarjamitt.com\/wp-content\/uploads\/2021\/04\/M-Mitt-Pichen_logo_2023-04.png","contentUrl":"https:\/\/maarjamitt.com\/wp-content\/uploads\/2021\/04\/M-Mitt-Pichen_logo_2023-04.png","width":2452,"height":1191,"caption":"Maarja Mitt-Pichen"},"image":{"@id":"https:\/\/maarjamitt.com\/en\/#\/schema\/logo\/image\/"}}]}},"_links":{"self":[{"href":"https:\/\/maarjamitt.com\/en\/wp-json\/wp\/v2\/pages\/4633","targetHints":{"allow":["GET"]}}],"collection":[{"href":"https:\/\/maarjamitt.com\/en\/wp-json\/wp\/v2\/pages"}],"about":[{"href":"https:\/\/maarjamitt.com\/en\/wp-json\/wp\/v2\/types\/page"}],"author":[{"embeddable":true,"href":"https:\/\/maarjamitt.com\/en\/wp-json\/wp\/v2\/users\/1"}],"replies":[{"embeddable":true,"href":"https:\/\/maarjamitt.com\/en\/wp-json\/wp\/v2\/comments?post=4633"}],"version-history":[{"count":1,"href":"https:\/\/maarjamitt.com\/en\/wp-json\/wp\/v2\/pages\/4633\/revisions"}],"predecessor-version":[{"id":7080,"href":"https:\/\/maarjamitt.com\/en\/wp-json\/wp\/v2\/pages\/4633\/revisions\/7080"}],"wp:attachment":[{"href":"https:\/\/maarjamitt.com\/en\/wp-json\/wp\/v2\/media?parent=4633"}],"curies":[{"name":"wp","href":"https:\/\/api.w.org\/{rel}","templated":true}]}}